{"id":12,"date":"2023-09-25T17:56:57","date_gmt":"2023-09-25T20:56:57","guid":{"rendered":"https:\/\/jpengates.com\/index.php\/minha-conta\/"},"modified":"2023-11-07T07:50:11","modified_gmt":"2023-11-07T10:50:11","slug":"minha-conta","status":"publish","type":"page","link":"https:\/\/jpengates.com\/index.php\/minha-conta\/","title":{"rendered":"MINHA CONTA"},"content":{"rendered":"\t\t<div data-elementor-type=\"wp-page\" data-elementor-id=\"12\" class=\"elementor elementor-12\" data-elementor-post-type=\"page\">\n\t\t\t\t<!-- dce invisible element ebd1e28 --><!-- dce invisible element 935f3a1 --><div class=\"elementor-element elementor-element-97e2208 e-flex e-con-boxed e-con e-parent\" data-id=\"97e2208\" data-element_type=\"container\" data-e-type=\"container\">\n\t\t\t\t\t<div class=\"e-con-inner\">\n\t\t\t\t<div class=\"elementor-element elementor-element-5fdfb62 e-my-account-tabs-vertical elementor-widget elementor-widget-woocommerce-my-account\" data-id=\"5fdfb62\" data-element_type=\"widget\" data-e-type=\"widget\" data-widget_type=\"woocommerce-my-account.default\">\n\t\t\t\t<div class=\"elementor-widget-container\">\n\t\t\t\t\t<div class=\"e-my-account-tab e-my-account-tab__ \">\t\t\t<div class=\"woocommerce\"><\/div>\t\t<\/div>\n\t\t\t\t\t\t<\/div>\n\t\t\t\t<\/div>\n\t\t\t\t\t<\/div>\n\t\t\t\t<\/div>\n\t\t\t\t<\/div>\n\t\t","protected":false},"excerpt":{"rendered":"<p>Painel do Cliente Bem Vindo (a) Painel Ver Painel Pedidos Ver Pedidos Conta Ver Conta Sair Sair Agora Painel de Controle Pedidos Downloads Endere\u00e7os Detalhes da conta Sair Ol\u00e1, jpengates.com (n\u00e3o \u00e9 jpengates.com? Sair) A partir do painel de controle de sua conta, voc\u00ea pode ver suas compras recentes, gerenciar seus endere\u00e7os de entrega e [&hellip;]<\/p>\n","protected":false},"author":1,"featured_media":0,"parent":0,"menu_order":0,"comment_status":"closed","ping_status":"closed","template":"","meta":{"om_disable_all_campaigns":false,"_monsterinsights_skip_tracking":false,"_monsterinsights_sitenote_active":false,"_monsterinsights_sitenote_note":"","_monsterinsights_sitenote_category":0,"_joinchat":[],"footnotes":""},"class_list":["post-12","page","type-page","status-publish","hentry"],"yoast_head":"<!-- This site is optimized with the Yoast SEO plugin v27.0 - https:\/\/yoast.com\/product\/yoast-seo-wordpress\/ -->\n<title>MINHA CONTA - JP ENGATES O \u00fanico engate 5\u00aa roda retr\u00e1til do Brasil<\/title>\n<meta name=\"robots\" content=\"index, follow, max-snippet:-1, max-image-preview:large, max-video-preview:-1\" \/>\n<link rel=\"canonical\" href=\"https:\/\/jpengates.com\/index.php\/minha-conta\/\" \/>\n<meta property=\"og:locale\" content=\"pt_BR\" \/>\n<meta property=\"og:type\" content=\"article\" \/>\n<meta property=\"og:title\" content=\"MINHA CONTA - JP ENGATES O \u00fanico engate 5\u00aa roda retr\u00e1til do Brasil\" \/>\n<meta property=\"og:description\" content=\"Painel do Cliente Bem Vindo (a) Painel Ver Painel Pedidos Ver Pedidos Conta Ver Conta Sair Sair Agora Painel de Controle Pedidos Downloads Endere\u00e7os Detalhes da conta Sair Ol\u00e1, jpengates.com (n\u00e3o \u00e9 jpengates.com? Sair) A partir do painel de controle de sua conta, voc\u00ea pode ver suas compras recentes, gerenciar seus endere\u00e7os de entrega e [&hellip;]\" \/>\n<meta property=\"og:url\" content=\"https:\/\/jpengates.com\/index.php\/minha-conta\/\" \/>\n<meta property=\"og:site_name\" content=\"JP ENGATES O \u00fanico engate 5\u00aa roda retr\u00e1til do Brasil\" \/>\n<meta property=\"article:publisher\" content=\"https:\/\/www.facebook.com\/jpengates?_rdc=2&amp;_rdr\" \/>\n<meta property=\"article:modified_time\" content=\"2023-11-07T10:50:11+00:00\" \/>\n<meta property=\"og:image\" content=\"https:\/\/jpengates.com\/wp-content\/uploads\/2023\/11\/designer-de-web.png\" \/>\n<meta name=\"twitter:card\" content=\"summary_large_image\" \/>\n<script type=\"application\/ld+json\" class=\"yoast-schema-graph\">{\"@context\":\"https:\/\/schema.org\",\"@graph\":[{\"@type\":\"WebPage\",\"@id\":\"https:\/\/jpengates.com\/index.php\/minha-conta\/\",\"url\":\"https:\/\/jpengates.com\/index.php\/minha-conta\/\",\"name\":\"MINHA CONTA - JP ENGATES O \u00fanico engate 5\u00aa roda retr\u00e1til do Brasil\",\"isPartOf\":{\"@id\":\"https:\/\/jpengates.com\/#website\"},\"primaryImageOfPage\":{\"@id\":\"https:\/\/jpengates.com\/index.php\/minha-conta\/#primaryimage\"},\"image\":{\"@id\":\"https:\/\/jpengates.com\/index.php\/minha-conta\/#primaryimage\"},\"thumbnailUrl\":\"https:\/\/jpengates.com\/wp-content\/uploads\/2023\/11\/designer-de-web.png\",\"datePublished\":\"2023-09-25T20:56:57+00:00\",\"dateModified\":\"2023-11-07T10:50:11+00:00\",\"breadcrumb\":{\"@id\":\"https:\/\/jpengates.com\/index.php\/minha-conta\/#breadcrumb\"},\"inLanguage\":\"pt-BR\",\"potentialAction\":[{\"@type\":\"ReadAction\",\"target\":[\"https:\/\/jpengates.com\/index.php\/minha-conta\/\"]}]},{\"@type\":\"ImageObject\",\"inLanguage\":\"pt-BR\",\"@id\":\"https:\/\/jpengates.com\/index.php\/minha-conta\/#primaryimage\",\"url\":\"https:\/\/jpengates.com\/wp-content\/uploads\/2023\/11\/designer-de-web.png\",\"contentUrl\":\"https:\/\/jpengates.com\/wp-content\/uploads\/2023\/11\/designer-de-web.png\",\"width\":64,\"height\":64},{\"@type\":\"BreadcrumbList\",\"@id\":\"https:\/\/jpengates.com\/index.php\/minha-conta\/#breadcrumb\",\"itemListElement\":[{\"@type\":\"ListItem\",\"position\":1,\"name\":\"In\u00edcio\",\"item\":\"https:\/\/jpengates.com\/\"},{\"@type\":\"ListItem\",\"position\":2,\"name\":\"MINHA CONTA\"}]},{\"@type\":\"WebSite\",\"@id\":\"https:\/\/jpengates.com\/#website\",\"url\":\"https:\/\/jpengates.com\/\",\"name\":\"JP Engates O \u00fanico engate 5\u00aa roda retr\u00e1til do Brasil\",\"description\":\"\",\"publisher\":{\"@id\":\"https:\/\/jpengates.com\/#organization\"},\"potentialAction\":[{\"@type\":\"SearchAction\",\"target\":{\"@type\":\"EntryPoint\",\"urlTemplate\":\"https:\/\/jpengates.com\/?s={search_term_string}\"},\"query-input\":{\"@type\":\"PropertyValueSpecification\",\"valueRequired\":true,\"valueName\":\"search_term_string\"}}],\"inLanguage\":\"pt-BR\"},{\"@type\":\"Organization\",\"@id\":\"https:\/\/jpengates.com\/#organization\",\"name\":\"JP ENGATES O \u00fanico engate 5\u00aa roda retr\u00e1til do Brasil\",\"url\":\"https:\/\/jpengates.com\/\",\"logo\":{\"@type\":\"ImageObject\",\"inLanguage\":\"pt-BR\",\"@id\":\"https:\/\/jpengates.com\/#\/schema\/logo\/image\/\",\"url\":\"https:\/\/jpengates.com\/wp-content\/uploads\/2023\/10\/LOGO_JPENGATE-removebg-preview-min.png\",\"contentUrl\":\"https:\/\/jpengates.com\/wp-content\/uploads\/2023\/10\/LOGO_JPENGATE-removebg-preview-min.png\",\"width\":200,\"height\":40,\"caption\":\"JP ENGATES O \u00fanico engate 5\u00aa roda retr\u00e1til do Brasil\"},\"image\":{\"@id\":\"https:\/\/jpengates.com\/#\/schema\/logo\/image\/\"},\"sameAs\":[\"https:\/\/www.facebook.com\/jpengates?_rdc=2&_rdr\",\"https:\/\/www.youtube.com\/@jpengatesquintarodaretratil\"]}]}<\/script>\n<!-- \/ Yoast SEO plugin. -->","yoast_head_json":{"title":"MINHA CONTA - JP ENGATES O \u00fanico engate 5\u00aa roda retr\u00e1til do Brasil","robots":{"index":"index","follow":"follow","max-snippet":"max-snippet:-1","max-image-preview":"max-image-preview:large","max-video-preview":"max-video-preview:-1"},"canonical":"https:\/\/jpengates.com\/index.php\/minha-conta\/","og_locale":"pt_BR","og_type":"article","og_title":"MINHA CONTA - JP ENGATES O \u00fanico engate 5\u00aa roda retr\u00e1til do Brasil","og_description":"Painel do Cliente Bem Vindo (a) Painel Ver Painel Pedidos Ver Pedidos Conta Ver Conta Sair Sair Agora Painel de Controle Pedidos Downloads Endere\u00e7os Detalhes da conta Sair Ol\u00e1, jpengates.com (n\u00e3o \u00e9 jpengates.com? Sair) A partir do painel de controle de sua conta, voc\u00ea pode ver suas compras recentes, gerenciar seus endere\u00e7os de entrega e [&hellip;]","og_url":"https:\/\/jpengates.com\/index.php\/minha-conta\/","og_site_name":"JP ENGATES O \u00fanico engate 5\u00aa roda retr\u00e1til do Brasil","article_publisher":"https:\/\/www.facebook.com\/jpengates?_rdc=2&_rdr","article_modified_time":"2023-11-07T10:50:11+00:00","og_image":[{"url":"https:\/\/jpengates.com\/wp-content\/uploads\/2023\/11\/designer-de-web.png","type":"","width":"","height":""}],"twitter_card":"summary_large_image","schema":{"@context":"https:\/\/schema.org","@graph":[{"@type":"WebPage","@id":"https:\/\/jpengates.com\/index.php\/minha-conta\/","url":"https:\/\/jpengates.com\/index.php\/minha-conta\/","name":"MINHA CONTA - JP ENGATES O \u00fanico engate 5\u00aa roda retr\u00e1til do Brasil","isPartOf":{"@id":"https:\/\/jpengates.com\/#website"},"primaryImageOfPage":{"@id":"https:\/\/jpengates.com\/index.php\/minha-conta\/#primaryimage"},"image":{"@id":"https:\/\/jpengates.com\/index.php\/minha-conta\/#primaryimage"},"thumbnailUrl":"https:\/\/jpengates.com\/wp-content\/uploads\/2023\/11\/designer-de-web.png","datePublished":"2023-09-25T20:56:57+00:00","dateModified":"2023-11-07T10:50:11+00:00","breadcrumb":{"@id":"https:\/\/jpengates.com\/index.php\/minha-conta\/#breadcrumb"},"inLanguage":"pt-BR","potentialAction":[{"@type":"ReadAction","target":["https:\/\/jpengates.com\/index.php\/minha-conta\/"]}]},{"@type":"ImageObject","inLanguage":"pt-BR","@id":"https:\/\/jpengates.com\/index.php\/minha-conta\/#primaryimage","url":"https:\/\/jpengates.com\/wp-content\/uploads\/2023\/11\/designer-de-web.png","contentUrl":"https:\/\/jpengates.com\/wp-content\/uploads\/2023\/11\/designer-de-web.png","width":64,"height":64},{"@type":"BreadcrumbList","@id":"https:\/\/jpengates.com\/index.php\/minha-conta\/#breadcrumb","itemListElement":[{"@type":"ListItem","position":1,"name":"In\u00edcio","item":"https:\/\/jpengates.com\/"},{"@type":"ListItem","position":2,"name":"MINHA CONTA"}]},{"@type":"WebSite","@id":"https:\/\/jpengates.com\/#website","url":"https:\/\/jpengates.com\/","name":"JP Engates O \u00fanico engate 5\u00aa roda retr\u00e1til do Brasil","description":"","publisher":{"@id":"https:\/\/jpengates.com\/#organization"},"potentialAction":[{"@type":"SearchAction","target":{"@type":"EntryPoint","urlTemplate":"https:\/\/jpengates.com\/?s={search_term_string}"},"query-input":{"@type":"PropertyValueSpecification","valueRequired":true,"valueName":"search_term_string"}}],"inLanguage":"pt-BR"},{"@type":"Organization","@id":"https:\/\/jpengates.com\/#organization","name":"JP ENGATES O \u00fanico engate 5\u00aa roda retr\u00e1til do Brasil","url":"https:\/\/jpengates.com\/","logo":{"@type":"ImageObject","inLanguage":"pt-BR","@id":"https:\/\/jpengates.com\/#\/schema\/logo\/image\/","url":"https:\/\/jpengates.com\/wp-content\/uploads\/2023\/10\/LOGO_JPENGATE-removebg-preview-min.png","contentUrl":"https:\/\/jpengates.com\/wp-content\/uploads\/2023\/10\/LOGO_JPENGATE-removebg-preview-min.png","width":200,"height":40,"caption":"JP ENGATES O \u00fanico engate 5\u00aa roda retr\u00e1til do Brasil"},"image":{"@id":"https:\/\/jpengates.com\/#\/schema\/logo\/image\/"},"sameAs":["https:\/\/www.facebook.com\/jpengates?_rdc=2&_rdr","https:\/\/www.youtube.com\/@jpengatesquintarodaretratil"]}]}},"jetpack_sharing_enabled":true,"_links":{"self":[{"href":"https:\/\/jpengates.com\/index.php\/wp-json\/wp\/v2\/pages\/12","targetHints":{"allow":["GET"]}}],"collection":[{"href":"https:\/\/jpengates.com\/index.php\/wp-json\/wp\/v2\/pages"}],"about":[{"href":"https:\/\/jpengates.com\/index.php\/wp-json\/wp\/v2\/types\/page"}],"author":[{"embeddable":true,"href":"https:\/\/jpengates.com\/index.php\/wp-json\/wp\/v2\/users\/1"}],"replies":[{"embeddable":true,"href":"https:\/\/jpengates.com\/index.php\/wp-json\/wp\/v2\/comments?post=12"}],"version-history":[{"count":79,"href":"https:\/\/jpengates.com\/index.php\/wp-json\/wp\/v2\/pages\/12\/revisions"}],"predecessor-version":[{"id":2108,"href":"https:\/\/jpengates.com\/index.php\/wp-json\/wp\/v2\/pages\/12\/revisions\/2108"}],"wp:attachment":[{"href":"https:\/\/jpengates.com\/index.php\/wp-json\/wp\/v2\/media?parent=12"}],"curies":[{"name":"wp","href":"https:\/\/api.w.org\/{rel}","templated":true}]}}