{"id":3090,"date":"2025-02-07T18:36:22","date_gmt":"2025-02-07T21:36:22","guid":{"rendered":"https:\/\/jpengates.com\/?page_id=3090"},"modified":"2025-02-13T09:54:16","modified_gmt":"2025-02-13T12:54:16","slug":"revenda","status":"publish","type":"page","link":"https:\/\/jpengates.com\/index.php\/revenda\/","title":{"rendered":"Revenda"},"content":{"rendered":"\t\t<div data-elementor-type=\"wp-page\" data-elementor-id=\"3090\" class=\"elementor elementor-3090\" data-elementor-post-type=\"page\">\n\t\t\t\t<div class=\"elementor-element elementor-element-2af05f6 e-flex e-con-boxed e-con e-parent\" data-id=\"2af05f6\" data-element_type=\"container\" data-e-type=\"container\" data-settings=\"{&quot;background_background&quot;:&quot;classic&quot;}\">\n\t\t\t\t\t<div class=\"e-con-inner\">\n\t\t\t\t<div class=\"elementor-element elementor-element-eb978f7 elementor-widget elementor-widget-heading\" data-id=\"eb978f7\" data-element_type=\"widget\" data-e-type=\"widget\" data-widget_type=\"heading.default\">\n\t\t\t\t<div class=\"elementor-widget-container\">\n\t\t\t\t\t<h2 class=\"elementor-heading-title elementor-size-default\">Seja uma revenda dos engates da JP Engates<\/h2>\t\t\t\t<\/div>\n\t\t\t\t<\/div>\n\t\t\t\t\t<\/div>\n\t\t\t\t<\/div>\n\t\t<div class=\"elementor-element elementor-element-5ca9443 e-flex e-con-boxed e-con e-parent\" data-id=\"5ca9443\" data-element_type=\"container\" data-e-type=\"container\">\n\t\t\t\t\t<div class=\"e-con-inner\">\n\t\t<div class=\"elementor-element elementor-element-45a17f8 e-con-full e-flex e-con e-child\" data-id=\"45a17f8\" data-element_type=\"container\" data-e-type=\"container\">\n\t\t<div class=\"elementor-element elementor-element-4eb44da e-con-full e-flex e-con e-child\" data-id=\"4eb44da\" data-element_type=\"container\" data-e-type=\"container\">\n\t\t\t\t<div class=\"elementor-element elementor-element-b117fd9 elementor-widget elementor-widget-text-editor\" data-id=\"b117fd9\" data-element_type=\"widget\" data-e-type=\"widget\" data-widget_type=\"text-editor.default\">\n\t\t\t\t<div class=\"elementor-widget-container\">\n\t\t\t\t\t\t\t\t\t<p><strong>Revolucione seu cat\u00e1logo de produtos com o Engate Quinta Roda Retr\u00e1til JP: A inova\u00e7\u00e3o que seus clientes esperam!<\/strong><\/p><p style=\"color: #0b0909; font-family: Questrial, sans-serif; font-size: 16px;\">Voc\u00ea est\u00e1 pronto para levar sua revenda, auto center ou loja de autope\u00e7as a um novo patamar de sucesso? Ao oferecer nossos engates quinta roda de alta qualidade, voc\u00ea n\u00e3o apenas diversifica seu portf\u00f3lio, mas tamb\u00e9m atende a uma demanda crescente no mercado automotivo.<\/p><p style=\"color: #0b0909; font-family: Questrial, sans-serif; font-size: 16px;\">Imagine seus clientes satisfeitos, sabendo que podem confiar em produtos que garantem seguran\u00e7a e durabilidade. Nossos compromissos s\u00e3o espec\u00edficos para suportar as condi\u00e7\u00f5es mais exigentes, proporcionando uma experi\u00eancia superior a quem precisa transportar cargas pesadas com seguran\u00e7a.<\/p><p style=\"color: #0b0909; font-family: Questrial, sans-serif; font-size: 16px;\"><span style=\"font-weight: bolder;\">Por que escolher nossos nossos engates?<\/span><\/p><ul style=\"font-size: 16px; background-color: #ffffff; color: #0b0909; font-family: Questrial, sans-serif;\"><li style=\"font-size: 16px;\"><span style=\"font-weight: bolder;\">Qualidade Superior:<\/span>\u00a0Nossos equipamentos s\u00e3o fabricados com materiais de alta resist\u00eancia, garantindo durabilidade e seguran\u00e7a.<\/li><li style=\"font-size: 16px;\"><span style=\"font-weight: bolder;\">F\u00e1cil Instala\u00e7\u00e3o:<\/span>\u00a0Produtos desenvolvidos para uma instala\u00e7\u00e3o r\u00e1pida e sem complica\u00e7\u00f5es, aumentando a satisfa\u00e7\u00e3o do cliente.<\/li><li style=\"font-size: 16px;\"><span style=\"font-weight: bolder;\">Apoio e Treinamento:<\/span>\u00a0Oferecemos suporte cont\u00ednuo e treinamento para sua equipe, ajudando a maximizar suas vendas.<\/li><li style=\"font-size: 16px;\">Ganhos com a m\u00e3o de obra de instala\u00e7\u00e3o.<\/li><li style=\"font-size: 16px;\"><span style=\"font-weight: bolder;\">Marketing Atrativo:<\/span>\u00a0Fornecemos materiais de marketing que destacam as vantagens dos nossos engajamentos, facilitando sua divulga\u00e7\u00e3o.<\/li><\/ul><p style=\"color: #0b0909; font-family: Questrial, sans-serif; font-size: 16px;\"><span style=\"font-weight: bolder;\">Transforme sua loja em um ponto de refer\u00eancia!<\/span><\/p><p style=\"color: #0b0909; font-family: Questrial, sans-serif; font-size: 16px;\">Ao integrar nossos compromissos ao seu estoque, voc\u00ea n\u00e3o apenas aumenta suas vendas, mas tamb\u00e9m se posiciona como um especialista no setor. O diferencial \u00e9 oferecer produtos que garantam a seguran\u00e7a e a tranquilidade dos seus clientes.<\/p><p style=\"color: #0b0909; font-family: Questrial, sans-serif; font-size: 16px;\">Junte-se a n\u00f3s e fa\u00e7a parte de um seleto grupo de vendedores que j\u00e1 experimentaram o aumento nas vendas e a fideliza\u00e7\u00e3o de clientes. Entre em contato hoje mesmo e descubra como podemos colaborar para o sucesso do seu neg\u00f3cio. N\u00e3o perca a oportunidade de crescer junto com a confian\u00e7a que nossos compromissos prometem.<\/p><p style=\"color: #0b0909; font-family: Questrial, sans-serif; font-size: 16px;\"><span style=\"font-weight: bolder;\">Seja uma escolha certa para seus clientes. Escolha nossos engates!<\/span><\/p>\t\t\t\t\t\t\t\t<\/div>\n\t\t\t\t<\/div>\n\t\t\t\t<\/div>\n\t\t<div class=\"elementor-element elementor-element-b759dc6 e-con-full e-flex e-con e-child\" data-id=\"b759dc6\" data-element_type=\"container\" data-e-type=\"container\">\n\t\t\t\t<div class=\"elementor-element elementor-element-8346490 elementor-widget-tablet__width-inherit elementor-widget elementor-widget-image\" data-id=\"8346490\" data-element_type=\"widget\" data-e-type=\"widget\" data-widget_type=\"image.default\">\n\t\t\t\t<div class=\"elementor-widget-container\">\n\t\t\t\t\t\t\t\t\t\t\t\t\t\t\t<img fetchpriority=\"high\" decoding=\"async\" width=\"500\" height=\"500\" src=\"https:\/\/jpengates.com\/wp-content\/uploads\/2024\/10\/Nova_imagem.webp\" class=\"attachment-full size-full wp-image-2919\" alt=\"\" srcset=\"https:\/\/jpengates.com\/wp-content\/uploads\/2024\/10\/Nova_imagem.webp 500w, https:\/\/jpengates.com\/wp-content\/uploads\/2024\/10\/Nova_imagem-300x300.webp 300w, https:\/\/jpengates.com\/wp-content\/uploads\/2024\/10\/Nova_imagem-150x150.webp 150w, https:\/\/jpengates.com\/wp-content\/uploads\/2024\/10\/Nova_imagem-100x100.webp 100w\" sizes=\"(max-width: 500px) 100vw, 500px\" \/>\t\t\t\t\t\t\t\t\t\t\t\t\t\t\t<\/div>\n\t\t\t\t<\/div>\n\t\t<div class=\"elementor-element elementor-element-252e1f1 e-con-full e-flex e-con e-child\" data-id=\"252e1f1\" data-element_type=\"container\" data-e-type=\"container\">\n\t\t\t\t<div class=\"elementor-element elementor-element-c759f69 elementor-align-center elementor-widget elementor-widget-button\" data-id=\"c759f69\" data-element_type=\"widget\" data-e-type=\"widget\" data-widget_type=\"button.default\">\n\t\t\t\t<div class=\"elementor-widget-container\">\n\t\t\t\t\t\t\t\t\t<div class=\"elementor-button-wrapper\">\n\t\t\t\t\t<a class=\"elementor-button elementor-button-link elementor-size-lg\" href=\"https:\/\/api.whatsapp.com\/send\/?phone=5543999727602&#038;text=Ol%C3%A1+%2A%7BJP+ENGATES%7D%2A%21+Preciso+de+mais+informa%C3%A7%C3%B5es+sobre+%7Bseu+produto%7D+%7Bhttps%3A%2F%2Fjpengates.com%7D&#038;type=phone_number&#038;app_absent=0\">\n\t\t\t\t\t\t<span class=\"elementor-button-content-wrapper\">\n\t\t\t\t\t\t\t\t\t<span class=\"elementor-button-text\">Fale com  nosso vendedor<\/span>\n\t\t\t\t\t<\/span>\n\t\t\t\t\t<\/a>\n\t\t\t\t<\/div>\n\t\t\t\t\t\t\t\t<\/div>\n\t\t\t\t<\/div>\n\t\t\t\t<\/div>\n\t\t\t\t<\/div>\n\t\t\t\t<\/div>\n\t\t\t\t\t<\/div>\n\t\t\t\t<\/div>\n\t\t<div class=\"elementor-element elementor-element-ff3a18b e-flex e-con-boxed e-con e-parent\" data-id=\"ff3a18b\" data-element_type=\"container\" data-e-type=\"container\">\n\t\t\t\t\t<div class=\"e-con-inner\">\n\t\t\t\t<div class=\"elementor-element elementor-element-db3b304 elementor-widget elementor-widget-image\" data-id=\"db3b304\" data-element_type=\"widget\" data-e-type=\"widget\" data-widget_type=\"image.default\">\n\t\t\t\t<div class=\"elementor-widget-container\">\n\t\t\t\t\t\t\t\t\t\t\t\t\t\t\t<img decoding=\"async\" width=\"576\" height=\"1024\" src=\"https:\/\/jpengates.com\/wp-content\/uploads\/2025\/02\/Portifolio-JP-576x1024.png\" class=\"attachment-large size-large wp-image-3156\" alt=\"\" srcset=\"https:\/\/jpengates.com\/wp-content\/uploads\/2025\/02\/Portifolio-JP-576x1024.png 576w, https:\/\/jpengates.com\/wp-content\/uploads\/2025\/02\/Portifolio-JP-169x300.png 169w, https:\/\/jpengates.com\/wp-content\/uploads\/2025\/02\/Portifolio-JP-768x1365.png 768w, https:\/\/jpengates.com\/wp-content\/uploads\/2025\/02\/Portifolio-JP-864x1536.png 864w, https:\/\/jpengates.com\/wp-content\/uploads\/2025\/02\/Portifolio-JP-600x1067.png 600w, https:\/\/jpengates.com\/wp-content\/uploads\/2025\/02\/Portifolio-JP-700x1244.png 700w, https:\/\/jpengates.com\/wp-content\/uploads\/2025\/02\/Portifolio-JP.png 1080w\" sizes=\"(max-width: 576px) 100vw, 576px\" \/>\t\t\t\t\t\t\t\t\t\t\t\t\t\t\t<\/div>\n\t\t\t\t<\/div>\n\t\t\t\t\t<\/div>\n\t\t\t\t<\/div>\n\t\t\t\t<\/div>\n\t\t","protected":false},"excerpt":{"rendered":"<p>Seja uma revenda dos engates da JP Engates Revolucione seu cat\u00e1logo de produtos com o Engate Quinta Roda Retr\u00e1til JP: A inova\u00e7\u00e3o que seus clientes esperam! Voc\u00ea est\u00e1 pronto para levar sua revenda, auto center ou loja de autope\u00e7as a um novo patamar de sucesso? Ao oferecer nossos engates quinta roda de alta qualidade, voc\u00ea [&hellip;]<\/p>\n","protected":false},"author":1,"featured_media":0,"parent":0,"menu_order":0,"comment_status":"closed","ping_status":"closed","template":"elementor_canvas","meta":{"om_disable_all_campaigns":false,"_monsterinsights_skip_tracking":false,"_monsterinsights_sitenote_active":false,"_monsterinsights_sitenote_note":"","_monsterinsights_sitenote_category":0,"_joinchat":[],"footnotes":""},"class_list":["post-3090","page","type-page","status-publish","hentry"],"yoast_head":"<!-- This site is optimized with the Yoast SEO plugin v27.0 - https:\/\/yoast.com\/product\/yoast-seo-wordpress\/ -->\n<title>Revenda - JP ENGATES O \u00fanico engate 5\u00aa roda retr\u00e1til do Brasil<\/title>\n<meta name=\"robots\" content=\"index, follow, max-snippet:-1, max-image-preview:large, max-video-preview:-1\" \/>\n<link rel=\"canonical\" href=\"https:\/\/jpengates.com\/index.php\/revenda\/\" \/>\n<meta property=\"og:locale\" content=\"pt_BR\" \/>\n<meta property=\"og:type\" content=\"article\" \/>\n<meta property=\"og:title\" content=\"Revenda - JP ENGATES O \u00fanico engate 5\u00aa roda retr\u00e1til do Brasil\" \/>\n<meta property=\"og:description\" content=\"Seja uma revenda dos engates da JP Engates Revolucione seu cat\u00e1logo de produtos com o Engate Quinta Roda Retr\u00e1til JP: A inova\u00e7\u00e3o que seus clientes esperam! Voc\u00ea est\u00e1 pronto para levar sua revenda, auto center ou loja de autope\u00e7as a um novo patamar de sucesso? Ao oferecer nossos engates quinta roda de alta qualidade, voc\u00ea [&hellip;]\" \/>\n<meta property=\"og:url\" content=\"https:\/\/jpengates.com\/index.php\/revenda\/\" \/>\n<meta property=\"og:site_name\" content=\"JP ENGATES O \u00fanico engate 5\u00aa roda retr\u00e1til do Brasil\" \/>\n<meta property=\"article:publisher\" content=\"https:\/\/www.facebook.com\/jpengates?_rdc=2&amp;_rdr\" \/>\n<meta property=\"article:modified_time\" content=\"2025-02-13T12:54:16+00:00\" \/>\n<meta property=\"og:image\" content=\"https:\/\/jpengates.com\/wp-content\/uploads\/2024\/10\/Nova_imagem.webp\" \/>\n\t<meta property=\"og:image:width\" content=\"500\" \/>\n\t<meta property=\"og:image:height\" content=\"500\" \/>\n\t<meta property=\"og:image:type\" content=\"image\/webp\" \/>\n<meta name=\"twitter:card\" content=\"summary_large_image\" \/>\n<meta name=\"twitter:label1\" content=\"Est. tempo de leitura\" \/>\n\t<meta name=\"twitter:data1\" content=\"3 minutos\" \/>\n<script type=\"application\/ld+json\" class=\"yoast-schema-graph\">{\"@context\":\"https:\/\/schema.org\",\"@graph\":[{\"@type\":\"WebPage\",\"@id\":\"https:\/\/jpengates.com\/index.php\/revenda\/\",\"url\":\"https:\/\/jpengates.com\/index.php\/revenda\/\",\"name\":\"Revenda - JP ENGATES O \u00fanico engate 5\u00aa roda retr\u00e1til do Brasil\",\"isPartOf\":{\"@id\":\"https:\/\/jpengates.com\/#website\"},\"primaryImageOfPage\":{\"@id\":\"https:\/\/jpengates.com\/index.php\/revenda\/#primaryimage\"},\"image\":{\"@id\":\"https:\/\/jpengates.com\/index.php\/revenda\/#primaryimage\"},\"thumbnailUrl\":\"https:\/\/jpengates.com\/wp-content\/uploads\/2024\/10\/Nova_imagem.webp\",\"datePublished\":\"2025-02-07T21:36:22+00:00\",\"dateModified\":\"2025-02-13T12:54:16+00:00\",\"breadcrumb\":{\"@id\":\"https:\/\/jpengates.com\/index.php\/revenda\/#breadcrumb\"},\"inLanguage\":\"pt-BR\",\"potentialAction\":[{\"@type\":\"ReadAction\",\"target\":[\"https:\/\/jpengates.com\/index.php\/revenda\/\"]}]},{\"@type\":\"ImageObject\",\"inLanguage\":\"pt-BR\",\"@id\":\"https:\/\/jpengates.com\/index.php\/revenda\/#primaryimage\",\"url\":\"https:\/\/jpengates.com\/wp-content\/uploads\/2024\/10\/Nova_imagem.webp\",\"contentUrl\":\"https:\/\/jpengates.com\/wp-content\/uploads\/2024\/10\/Nova_imagem.webp\",\"width\":500,\"height\":500},{\"@type\":\"BreadcrumbList\",\"@id\":\"https:\/\/jpengates.com\/index.php\/revenda\/#breadcrumb\",\"itemListElement\":[{\"@type\":\"ListItem\",\"position\":1,\"name\":\"In\u00edcio\",\"item\":\"https:\/\/jpengates.com\/\"},{\"@type\":\"ListItem\",\"position\":2,\"name\":\"Revenda\"}]},{\"@type\":\"WebSite\",\"@id\":\"https:\/\/jpengates.com\/#website\",\"url\":\"https:\/\/jpengates.com\/\",\"name\":\"JP Engates O \u00fanico engate 5\u00aa roda retr\u00e1til do Brasil\",\"description\":\"\",\"publisher\":{\"@id\":\"https:\/\/jpengates.com\/#organization\"},\"potentialAction\":[{\"@type\":\"SearchAction\",\"target\":{\"@type\":\"EntryPoint\",\"urlTemplate\":\"https:\/\/jpengates.com\/?s={search_term_string}\"},\"query-input\":{\"@type\":\"PropertyValueSpecification\",\"valueRequired\":true,\"valueName\":\"search_term_string\"}}],\"inLanguage\":\"pt-BR\"},{\"@type\":\"Organization\",\"@id\":\"https:\/\/jpengates.com\/#organization\",\"name\":\"JP ENGATES O \u00fanico engate 5\u00aa roda retr\u00e1til do Brasil\",\"url\":\"https:\/\/jpengates.com\/\",\"logo\":{\"@type\":\"ImageObject\",\"inLanguage\":\"pt-BR\",\"@id\":\"https:\/\/jpengates.com\/#\/schema\/logo\/image\/\",\"url\":\"https:\/\/jpengates.com\/wp-content\/uploads\/2023\/10\/LOGO_JPENGATE-removebg-preview-min.png\",\"contentUrl\":\"https:\/\/jpengates.com\/wp-content\/uploads\/2023\/10\/LOGO_JPENGATE-removebg-preview-min.png\",\"width\":200,\"height\":40,\"caption\":\"JP ENGATES O \u00fanico engate 5\u00aa roda retr\u00e1til do Brasil\"},\"image\":{\"@id\":\"https:\/\/jpengates.com\/#\/schema\/logo\/image\/\"},\"sameAs\":[\"https:\/\/www.facebook.com\/jpengates?_rdc=2&_rdr\",\"https:\/\/www.youtube.com\/@jpengatesquintarodaretratil\"]}]}<\/script>\n<!-- \/ Yoast SEO plugin. -->","yoast_head_json":{"title":"Revenda - JP ENGATES O \u00fanico engate 5\u00aa roda retr\u00e1til do Brasil","robots":{"index":"index","follow":"follow","max-snippet":"max-snippet:-1","max-image-preview":"max-image-preview:large","max-video-preview":"max-video-preview:-1"},"canonical":"https:\/\/jpengates.com\/index.php\/revenda\/","og_locale":"pt_BR","og_type":"article","og_title":"Revenda - JP ENGATES O \u00fanico engate 5\u00aa roda retr\u00e1til do Brasil","og_description":"Seja uma revenda dos engates da JP Engates Revolucione seu cat\u00e1logo de produtos com o Engate Quinta Roda Retr\u00e1til JP: A inova\u00e7\u00e3o que seus clientes esperam! Voc\u00ea est\u00e1 pronto para levar sua revenda, auto center ou loja de autope\u00e7as a um novo patamar de sucesso? Ao oferecer nossos engates quinta roda de alta qualidade, voc\u00ea [&hellip;]","og_url":"https:\/\/jpengates.com\/index.php\/revenda\/","og_site_name":"JP ENGATES O \u00fanico engate 5\u00aa roda retr\u00e1til do Brasil","article_publisher":"https:\/\/www.facebook.com\/jpengates?_rdc=2&_rdr","article_modified_time":"2025-02-13T12:54:16+00:00","og_image":[{"width":500,"height":500,"url":"https:\/\/jpengates.com\/wp-content\/uploads\/2024\/10\/Nova_imagem.webp","type":"image\/webp"}],"twitter_card":"summary_large_image","twitter_misc":{"Est. tempo de leitura":"3 minutos"},"schema":{"@context":"https:\/\/schema.org","@graph":[{"@type":"WebPage","@id":"https:\/\/jpengates.com\/index.php\/revenda\/","url":"https:\/\/jpengates.com\/index.php\/revenda\/","name":"Revenda - JP ENGATES O \u00fanico engate 5\u00aa roda retr\u00e1til do Brasil","isPartOf":{"@id":"https:\/\/jpengates.com\/#website"},"primaryImageOfPage":{"@id":"https:\/\/jpengates.com\/index.php\/revenda\/#primaryimage"},"image":{"@id":"https:\/\/jpengates.com\/index.php\/revenda\/#primaryimage"},"thumbnailUrl":"https:\/\/jpengates.com\/wp-content\/uploads\/2024\/10\/Nova_imagem.webp","datePublished":"2025-02-07T21:36:22+00:00","dateModified":"2025-02-13T12:54:16+00:00","breadcrumb":{"@id":"https:\/\/jpengates.com\/index.php\/revenda\/#breadcrumb"},"inLanguage":"pt-BR","potentialAction":[{"@type":"ReadAction","target":["https:\/\/jpengates.com\/index.php\/revenda\/"]}]},{"@type":"ImageObject","inLanguage":"pt-BR","@id":"https:\/\/jpengates.com\/index.php\/revenda\/#primaryimage","url":"https:\/\/jpengates.com\/wp-content\/uploads\/2024\/10\/Nova_imagem.webp","contentUrl":"https:\/\/jpengates.com\/wp-content\/uploads\/2024\/10\/Nova_imagem.webp","width":500,"height":500},{"@type":"BreadcrumbList","@id":"https:\/\/jpengates.com\/index.php\/revenda\/#breadcrumb","itemListElement":[{"@type":"ListItem","position":1,"name":"In\u00edcio","item":"https:\/\/jpengates.com\/"},{"@type":"ListItem","position":2,"name":"Revenda"}]},{"@type":"WebSite","@id":"https:\/\/jpengates.com\/#website","url":"https:\/\/jpengates.com\/","name":"JP Engates O \u00fanico engate 5\u00aa roda retr\u00e1til do Brasil","description":"","publisher":{"@id":"https:\/\/jpengates.com\/#organization"},"potentialAction":[{"@type":"SearchAction","target":{"@type":"EntryPoint","urlTemplate":"https:\/\/jpengates.com\/?s={search_term_string}"},"query-input":{"@type":"PropertyValueSpecification","valueRequired":true,"valueName":"search_term_string"}}],"inLanguage":"pt-BR"},{"@type":"Organization","@id":"https:\/\/jpengates.com\/#organization","name":"JP ENGATES O \u00fanico engate 5\u00aa roda retr\u00e1til do Brasil","url":"https:\/\/jpengates.com\/","logo":{"@type":"ImageObject","inLanguage":"pt-BR","@id":"https:\/\/jpengates.com\/#\/schema\/logo\/image\/","url":"https:\/\/jpengates.com\/wp-content\/uploads\/2023\/10\/LOGO_JPENGATE-removebg-preview-min.png","contentUrl":"https:\/\/jpengates.com\/wp-content\/uploads\/2023\/10\/LOGO_JPENGATE-removebg-preview-min.png","width":200,"height":40,"caption":"JP ENGATES O \u00fanico engate 5\u00aa roda retr\u00e1til do Brasil"},"image":{"@id":"https:\/\/jpengates.com\/#\/schema\/logo\/image\/"},"sameAs":["https:\/\/www.facebook.com\/jpengates?_rdc=2&_rdr","https:\/\/www.youtube.com\/@jpengatesquintarodaretratil"]}]}},"jetpack_sharing_enabled":true,"_links":{"self":[{"href":"https:\/\/jpengates.com\/index.php\/wp-json\/wp\/v2\/pages\/3090","targetHints":{"allow":["GET"]}}],"collection":[{"href":"https:\/\/jpengates.com\/index.php\/wp-json\/wp\/v2\/pages"}],"about":[{"href":"https:\/\/jpengates.com\/index.php\/wp-json\/wp\/v2\/types\/page"}],"author":[{"embeddable":true,"href":"https:\/\/jpengates.com\/index.php\/wp-json\/wp\/v2\/users\/1"}],"replies":[{"embeddable":true,"href":"https:\/\/jpengates.com\/index.php\/wp-json\/wp\/v2\/comments?post=3090"}],"version-history":[{"count":67,"href":"https:\/\/jpengates.com\/index.php\/wp-json\/wp\/v2\/pages\/3090\/revisions"}],"predecessor-version":[{"id":3162,"href":"https:\/\/jpengates.com\/index.php\/wp-json\/wp\/v2\/pages\/3090\/revisions\/3162"}],"wp:attachment":[{"href":"https:\/\/jpengates.com\/index.php\/wp-json\/wp\/v2\/media?parent=3090"}],"curies":[{"name":"wp","href":"https:\/\/api.w.org\/{rel}","templated":true}]}}