{"id":35,"date":"2023-09-26T22:12:21","date_gmt":"2023-09-27T01:12:21","guid":{"rendered":"https:\/\/jpengates.com\/?page_id=35"},"modified":"2023-10-19T21:41:16","modified_gmt":"2023-10-20T00:41:16","slug":"sobre","status":"publish","type":"page","link":"https:\/\/jpengates.com\/index.php\/sobre\/","title":{"rendered":"SOBRE"},"content":{"rendered":"\t\t<div data-elementor-type=\"wp-page\" data-elementor-id=\"35\" class=\"elementor elementor-35\" data-elementor-post-type=\"page\">\n\t\t\t\t<div class=\"elementor-element elementor-element-08b071f e-flex e-con-boxed e-con e-parent\" data-id=\"08b071f\" data-element_type=\"container\" data-e-type=\"container\" data-settings=\"{&quot;background_background&quot;:&quot;classic&quot;}\">\n\t\t\t\t\t<div class=\"e-con-inner\">\n\t\t\t\t<div class=\"elementor-element elementor-element-67ac21e elementor-widget elementor-widget-heading\" data-id=\"67ac21e\" data-element_type=\"widget\" data-e-type=\"widget\" data-widget_type=\"heading.default\">\n\t\t\t\t<div class=\"elementor-widget-container\">\n\t\t\t\t\t<h1 class=\"elementor-heading-title elementor-size-default\">Sobre N\u00f3s<\/h1>\t\t\t\t<\/div>\n\t\t\t\t<\/div>\n\t\t\t\t\t<\/div>\n\t\t\t\t<\/div>\n\t\t<div class=\"elementor-element elementor-element-a09ee8b e-flex e-con-boxed e-con e-parent\" data-id=\"a09ee8b\" data-element_type=\"container\" data-e-type=\"container\">\n\t\t\t\t\t<div class=\"e-con-inner\">\n\t\t<div class=\"elementor-element elementor-element-817c82e e-con-full e-flex e-con e-child\" data-id=\"817c82e\" data-element_type=\"container\" data-e-type=\"container\">\n\t\t\t\t<div class=\"elementor-element elementor-element-49f550d elementor-widget elementor-widget-heading\" data-id=\"49f550d\" data-element_type=\"widget\" data-e-type=\"widget\" data-widget_type=\"heading.default\">\n\t\t\t\t<div class=\"elementor-widget-container\">\n\t\t\t\t\t<h2 class=\"elementor-heading-title elementor-size-default\">JP ENGATES<\/h2>\t\t\t\t<\/div>\n\t\t\t\t<\/div>\n\t\t\t\t<div class=\"elementor-element elementor-element-75908e7 elementor-widget elementor-widget-text-editor\" data-id=\"75908e7\" data-element_type=\"widget\" data-e-type=\"widget\" data-widget_type=\"text-editor.default\">\n\t\t\t\t<div class=\"elementor-widget-container\">\n\t\t\t\t\t\t\t\t\t<p><br><\/p><p>A <strong>JP Engates<\/strong> \u00e9 uma Empresa Brasileira fundada em 2.016 por Jo\u00e3o Paulo, que tinha o sonho de criar solu\u00e7\u00f5es inovadoras e de qualidade para o mercado de Engates Retr\u00e1teis para caminhonetes.<\/p>\n<p>Come\u00e7ando em uma pequena oficina no interior do Paran\u00e1, onde Jo\u00e3o Paulo desenvolveu seu primeiro prot\u00f3tipo <br>de <strong>Engate Retr\u00e1til,<\/strong> que se destacava pela praticidade, seguran\u00e7a e durabilidade.<\/p>\n<p>Ao longo dos anos a <strong>JP Engates<\/strong> cresceu e se consolidou como uma refer\u00eancia nesse segmento de Engates no Brasil.<br>A empresa conta com equipe qualificada, infraestrutura moderna e portif\u00f3lio de produtos que atendem \u00e0s necessidades dos propriet\u00e1rios de Picape.<\/p>\n<p>A miss\u00e3o da empresa \u00e9 levar aos seus clientes a melhor experi\u00eancia em Engate Retr\u00e1til para picapes, com produtos<br>de alta qualidade, tecnologia, design e sustentabilidade.<\/p>\n<p>A vis\u00e3o da empresa \u00e9 ser reconhecida como l\u00edder nacional no segmento de Engate Retr\u00e1til, com excel\u00eancia em qualidade e atendimento.<\/p>\n<p>Os valores da empresa s\u00e3o: comprometimento, \u00e9tica, respeito, transpar\u00eancia. responsabilidade social e ambiental.<\/p>\t\t\t\t\t\t\t\t<\/div>\n\t\t\t\t<\/div>\n\t\t\t\t<\/div>\n\t\t<div class=\"elementor-element elementor-element-1dec127 e-con-full e-flex e-con e-child\" data-id=\"1dec127\" data-element_type=\"container\" data-e-type=\"container\">\n\t\t\t\t<div class=\"elementor-element elementor-element-c114606 elementor-widget elementor-widget-image\" data-id=\"c114606\" data-element_type=\"widget\" data-e-type=\"widget\" data-widget_type=\"image.default\">\n\t\t\t\t<div class=\"elementor-widget-container\">\n\t\t\t\t\t\t\t\t\t\t\t\t\t\t\t<img fetchpriority=\"high\" decoding=\"async\" width=\"590\" height=\"550\" src=\"https:\/\/jpengates.com\/wp-content\/uploads\/2023\/10\/Endewreco.png\" class=\"attachment-large size-large wp-image-1279\" alt=\"\" srcset=\"https:\/\/jpengates.com\/wp-content\/uploads\/2023\/10\/Endewreco.png 590w, https:\/\/jpengates.com\/wp-content\/uploads\/2023\/10\/Endewreco-300x280.png 300w\" sizes=\"(max-width: 590px) 100vw, 590px\" \/>\t\t\t\t\t\t\t\t\t\t\t\t\t\t\t<\/div>\n\t\t\t\t<\/div>\n\t\t\t\t<\/div>\n\t\t\t\t\t<\/div>\n\t\t\t\t<\/div>\n\t\t<div class=\"elementor-element elementor-element-9aec097 e-flex e-con-boxed e-con e-parent\" data-id=\"9aec097\" data-element_type=\"container\" data-e-type=\"container\" data-settings=\"{&quot;background_background&quot;:&quot;classic&quot;}\">\n\t\t\t\t\t<div class=\"e-con-inner\">\n\t\t\t\t<div class=\"elementor-element elementor-element-af5058a elementor-widget__width-inherit elementor-widget elementor-widget-heading\" data-id=\"af5058a\" data-element_type=\"widget\" data-e-type=\"widget\" data-widget_type=\"heading.default\">\n\t\t\t\t<div class=\"elementor-widget-container\">\n\t\t\t\t\t<h2 class=\"elementor-heading-title elementor-size-default\">Porque comprar conosco<\/h2>\t\t\t\t<\/div>\n\t\t\t\t<\/div>\n\t\t\t\t<div class=\"elementor-element elementor-element-124c4b5 elementor-widget__width-initial elementor-position-top elementor-widget elementor-widget-image-box\" data-id=\"124c4b5\" data-element_type=\"widget\" data-e-type=\"widget\" data-widget_type=\"image-box.default\">\n\t\t\t\t<div class=\"elementor-widget-container\">\n\t\t\t\t\t<div class=\"elementor-image-box-wrapper\"><figure class=\"elementor-image-box-img\"><img decoding=\"async\" width=\"200\" height=\"200\" src=\"https:\/\/jpengates.com\/wp-content\/uploads\/2023\/10\/Design_sem_nome-removebg-preview-min-2.png\" class=\"attachment-full size-full wp-image-667\" alt=\"\" srcset=\"https:\/\/jpengates.com\/wp-content\/uploads\/2023\/10\/Design_sem_nome-removebg-preview-min-2.png 200w, https:\/\/jpengates.com\/wp-content\/uploads\/2023\/10\/Design_sem_nome-removebg-preview-min-2-150x150.png 150w, https:\/\/jpengates.com\/wp-content\/uploads\/2023\/10\/Design_sem_nome-removebg-preview-min-2-100x100.png 100w\" sizes=\"(max-width: 200px) 100vw, 200px\" \/><\/figure><div class=\"elementor-image-box-content\"><h3 class=\"elementor-image-box-title\">Entrega r\u00e1pida<\/h3><p class=\"elementor-image-box-description\">O prazo de entrega \u00e9 definido de acordo com a cota\u00e7\u00e3o da transportadora e regi\u00e3o do destino.<\/p><\/div><\/div>\t\t\t\t<\/div>\n\t\t\t\t<\/div>\n\t\t\t\t<div class=\"elementor-element elementor-element-d12def3 elementor-widget__width-initial elementor-position-top elementor-widget elementor-widget-image-box\" data-id=\"d12def3\" data-element_type=\"widget\" data-e-type=\"widget\" data-widget_type=\"image-box.default\">\n\t\t\t\t<div class=\"elementor-widget-container\">\n\t\t\t\t\t<div class=\"elementor-image-box-wrapper\"><figure class=\"elementor-image-box-img\"><img decoding=\"async\" width=\"200\" height=\"200\" src=\"https:\/\/jpengates.com\/wp-content\/uploads\/2023\/10\/cadado.png\" class=\"attachment-full size-full wp-image-1295\" alt=\"\" srcset=\"https:\/\/jpengates.com\/wp-content\/uploads\/2023\/10\/cadado.png 200w, https:\/\/jpengates.com\/wp-content\/uploads\/2023\/10\/cadado-150x150.png 150w, https:\/\/jpengates.com\/wp-content\/uploads\/2023\/10\/cadado-100x100.png 100w\" sizes=\"(max-width: 200px) 100vw, 200px\" \/><\/figure><div class=\"elementor-image-box-content\"><h3 class=\"elementor-image-box-title\">Garantia de 30 dias<\/h3><p class=\"elementor-image-box-description\">100% QUALIDADE GARANTIDA PELO FABRICANTE, produto testado e aprovado por centenas de consumidores em todo o Brasil.<\/p><\/div><\/div>\t\t\t\t<\/div>\n\t\t\t\t<\/div>\n\t\t\t\t<div class=\"elementor-element elementor-element-88acda6 elementor-widget__width-initial elementor-position-top elementor-widget elementor-widget-image-box\" data-id=\"88acda6\" data-element_type=\"widget\" data-e-type=\"widget\" data-widget_type=\"image-box.default\">\n\t\t\t\t<div class=\"elementor-widget-container\">\n\t\t\t\t\t<div class=\"elementor-image-box-wrapper\"><figure class=\"elementor-image-box-img\"><img loading=\"lazy\" decoding=\"async\" width=\"200\" height=\"200\" src=\"https:\/\/jpengates.com\/wp-content\/uploads\/2023\/10\/kkkkkkk.png\" class=\"attachment-full size-full wp-image-1298\" alt=\"\" srcset=\"https:\/\/jpengates.com\/wp-content\/uploads\/2023\/10\/kkkkkkk.png 200w, https:\/\/jpengates.com\/wp-content\/uploads\/2023\/10\/kkkkkkk-150x150.png 150w, https:\/\/jpengates.com\/wp-content\/uploads\/2023\/10\/kkkkkkk-100x100.png 100w\" sizes=\"(max-width: 200px) 100vw, 200px\" \/><\/figure><div class=\"elementor-image-box-content\"><h3 class=\"elementor-image-box-title\">Dados seguros<\/h3><p class=\"elementor-image-box-description\">O site jpengates.com possui o certificado SSL, que garante a criptografia dos seus dados pessoais e financeiros.<\/p><\/div><\/div>\t\t\t\t<\/div>\n\t\t\t\t<\/div>\n\t\t\t\t\t<\/div>\n\t\t\t\t<\/div>\n\t\t\t\t<\/div>\n\t\t","protected":false},"excerpt":{"rendered":"<p>Sobre N\u00f3s JP ENGATES A JP Engates \u00e9 uma Empresa Brasileira fundada em 2.016 por Jo\u00e3o Paulo, que tinha o sonho de criar solu\u00e7\u00f5es inovadoras e de qualidade para o mercado de Engates Retr\u00e1teis para caminhonetes. Come\u00e7ando em uma pequena oficina no interior do Paran\u00e1, onde Jo\u00e3o Paulo desenvolveu seu primeiro prot\u00f3tipo de Engate Retr\u00e1til, [&hellip;]<\/p>\n","protected":false},"author":1,"featured_media":0,"parent":0,"menu_order":0,"comment_status":"closed","ping_status":"closed","template":"","meta":{"om_disable_all_campaigns":false,"_monsterinsights_skip_tracking":false,"_monsterinsights_sitenote_active":false,"_monsterinsights_sitenote_note":"","_monsterinsights_sitenote_category":0,"_joinchat":[],"footnotes":""},"class_list":["post-35","page","type-page","status-publish","hentry"],"yoast_head":"<!-- This site is optimized with the Yoast SEO plugin v27.0 - https:\/\/yoast.com\/product\/yoast-seo-wordpress\/ -->\n<title>SOBRE - JP ENGATES O \u00fanico engate 5\u00aa roda retr\u00e1til do Brasil<\/title>\n<meta name=\"robots\" content=\"index, follow, max-snippet:-1, max-image-preview:large, max-video-preview:-1\" \/>\n<link rel=\"canonical\" href=\"https:\/\/jpengates.com\/index.php\/sobre\/\" \/>\n<meta property=\"og:locale\" content=\"pt_BR\" \/>\n<meta property=\"og:type\" content=\"article\" \/>\n<meta property=\"og:title\" content=\"SOBRE - JP ENGATES O \u00fanico engate 5\u00aa roda retr\u00e1til do Brasil\" \/>\n<meta property=\"og:description\" content=\"Sobre N\u00f3s JP ENGATES A JP Engates \u00e9 uma Empresa Brasileira fundada em 2.016 por Jo\u00e3o Paulo, que tinha o sonho de criar solu\u00e7\u00f5es inovadoras e de qualidade para o mercado de Engates Retr\u00e1teis para caminhonetes. Come\u00e7ando em uma pequena oficina no interior do Paran\u00e1, onde Jo\u00e3o Paulo desenvolveu seu primeiro prot\u00f3tipo de Engate Retr\u00e1til, [&hellip;]\" \/>\n<meta property=\"og:url\" content=\"https:\/\/jpengates.com\/index.php\/sobre\/\" \/>\n<meta property=\"og:site_name\" content=\"JP ENGATES O \u00fanico engate 5\u00aa roda retr\u00e1til do Brasil\" \/>\n<meta property=\"article:publisher\" content=\"https:\/\/www.facebook.com\/jpengates?_rdc=2&amp;_rdr\" \/>\n<meta property=\"article:modified_time\" content=\"2023-10-20T00:41:16+00:00\" \/>\n<meta property=\"og:image\" content=\"http:\/\/jpengates.com\/wp-content\/uploads\/2023\/10\/Endewreco.png\" \/>\n<meta name=\"twitter:card\" content=\"summary_large_image\" \/>\n<meta name=\"twitter:label1\" content=\"Est. tempo de leitura\" \/>\n\t<meta name=\"twitter:data1\" content=\"1 minuto\" \/>\n<script type=\"application\/ld+json\" class=\"yoast-schema-graph\">{\"@context\":\"https:\/\/schema.org\",\"@graph\":[{\"@type\":\"WebPage\",\"@id\":\"https:\/\/jpengates.com\/index.php\/sobre\/\",\"url\":\"https:\/\/jpengates.com\/index.php\/sobre\/\",\"name\":\"SOBRE - JP ENGATES O \u00fanico engate 5\u00aa roda retr\u00e1til do Brasil\",\"isPartOf\":{\"@id\":\"https:\/\/jpengates.com\/#website\"},\"primaryImageOfPage\":{\"@id\":\"https:\/\/jpengates.com\/index.php\/sobre\/#primaryimage\"},\"image\":{\"@id\":\"https:\/\/jpengates.com\/index.php\/sobre\/#primaryimage\"},\"thumbnailUrl\":\"http:\/\/jpengates.com\/wp-content\/uploads\/2023\/10\/Endewreco.png\",\"datePublished\":\"2023-09-27T01:12:21+00:00\",\"dateModified\":\"2023-10-20T00:41:16+00:00\",\"breadcrumb\":{\"@id\":\"https:\/\/jpengates.com\/index.php\/sobre\/#breadcrumb\"},\"inLanguage\":\"pt-BR\",\"potentialAction\":[{\"@type\":\"ReadAction\",\"target\":[\"https:\/\/jpengates.com\/index.php\/sobre\/\"]}]},{\"@type\":\"ImageObject\",\"inLanguage\":\"pt-BR\",\"@id\":\"https:\/\/jpengates.com\/index.php\/sobre\/#primaryimage\",\"url\":\"http:\/\/jpengates.com\/wp-content\/uploads\/2023\/10\/Endewreco.png\",\"contentUrl\":\"http:\/\/jpengates.com\/wp-content\/uploads\/2023\/10\/Endewreco.png\"},{\"@type\":\"BreadcrumbList\",\"@id\":\"https:\/\/jpengates.com\/index.php\/sobre\/#breadcrumb\",\"itemListElement\":[{\"@type\":\"ListItem\",\"position\":1,\"name\":\"In\u00edcio\",\"item\":\"https:\/\/jpengates.com\/\"},{\"@type\":\"ListItem\",\"position\":2,\"name\":\"SOBRE\"}]},{\"@type\":\"WebSite\",\"@id\":\"https:\/\/jpengates.com\/#website\",\"url\":\"https:\/\/jpengates.com\/\",\"name\":\"JP Engates O \u00fanico engate 5\u00aa roda retr\u00e1til do Brasil\",\"description\":\"\",\"publisher\":{\"@id\":\"https:\/\/jpengates.com\/#organization\"},\"potentialAction\":[{\"@type\":\"SearchAction\",\"target\":{\"@type\":\"EntryPoint\",\"urlTemplate\":\"https:\/\/jpengates.com\/?s={search_term_string}\"},\"query-input\":{\"@type\":\"PropertyValueSpecification\",\"valueRequired\":true,\"valueName\":\"search_term_string\"}}],\"inLanguage\":\"pt-BR\"},{\"@type\":\"Organization\",\"@id\":\"https:\/\/jpengates.com\/#organization\",\"name\":\"JP ENGATES O \u00fanico engate 5\u00aa roda retr\u00e1til do Brasil\",\"url\":\"https:\/\/jpengates.com\/\",\"logo\":{\"@type\":\"ImageObject\",\"inLanguage\":\"pt-BR\",\"@id\":\"https:\/\/jpengates.com\/#\/schema\/logo\/image\/\",\"url\":\"https:\/\/jpengates.com\/wp-content\/uploads\/2023\/10\/LOGO_JPENGATE-removebg-preview-min.png\",\"contentUrl\":\"https:\/\/jpengates.com\/wp-content\/uploads\/2023\/10\/LOGO_JPENGATE-removebg-preview-min.png\",\"width\":200,\"height\":40,\"caption\":\"JP ENGATES O \u00fanico engate 5\u00aa roda retr\u00e1til do Brasil\"},\"image\":{\"@id\":\"https:\/\/jpengates.com\/#\/schema\/logo\/image\/\"},\"sameAs\":[\"https:\/\/www.facebook.com\/jpengates?_rdc=2&_rdr\",\"https:\/\/www.youtube.com\/@jpengatesquintarodaretratil\"]}]}<\/script>\n<!-- \/ Yoast SEO plugin. -->","yoast_head_json":{"title":"SOBRE - JP ENGATES O \u00fanico engate 5\u00aa roda retr\u00e1til do Brasil","robots":{"index":"index","follow":"follow","max-snippet":"max-snippet:-1","max-image-preview":"max-image-preview:large","max-video-preview":"max-video-preview:-1"},"canonical":"https:\/\/jpengates.com\/index.php\/sobre\/","og_locale":"pt_BR","og_type":"article","og_title":"SOBRE - JP ENGATES O \u00fanico engate 5\u00aa roda retr\u00e1til do Brasil","og_description":"Sobre N\u00f3s JP ENGATES A JP Engates \u00e9 uma Empresa Brasileira fundada em 2.016 por Jo\u00e3o Paulo, que tinha o sonho de criar solu\u00e7\u00f5es inovadoras e de qualidade para o mercado de Engates Retr\u00e1teis para caminhonetes. Come\u00e7ando em uma pequena oficina no interior do Paran\u00e1, onde Jo\u00e3o Paulo desenvolveu seu primeiro prot\u00f3tipo de Engate Retr\u00e1til, [&hellip;]","og_url":"https:\/\/jpengates.com\/index.php\/sobre\/","og_site_name":"JP ENGATES O \u00fanico engate 5\u00aa roda retr\u00e1til do Brasil","article_publisher":"https:\/\/www.facebook.com\/jpengates?_rdc=2&_rdr","article_modified_time":"2023-10-20T00:41:16+00:00","og_image":[{"url":"http:\/\/jpengates.com\/wp-content\/uploads\/2023\/10\/Endewreco.png","type":"","width":"","height":""}],"twitter_card":"summary_large_image","twitter_misc":{"Est. tempo de leitura":"1 minuto"},"schema":{"@context":"https:\/\/schema.org","@graph":[{"@type":"WebPage","@id":"https:\/\/jpengates.com\/index.php\/sobre\/","url":"https:\/\/jpengates.com\/index.php\/sobre\/","name":"SOBRE - JP ENGATES O \u00fanico engate 5\u00aa roda retr\u00e1til do Brasil","isPartOf":{"@id":"https:\/\/jpengates.com\/#website"},"primaryImageOfPage":{"@id":"https:\/\/jpengates.com\/index.php\/sobre\/#primaryimage"},"image":{"@id":"https:\/\/jpengates.com\/index.php\/sobre\/#primaryimage"},"thumbnailUrl":"http:\/\/jpengates.com\/wp-content\/uploads\/2023\/10\/Endewreco.png","datePublished":"2023-09-27T01:12:21+00:00","dateModified":"2023-10-20T00:41:16+00:00","breadcrumb":{"@id":"https:\/\/jpengates.com\/index.php\/sobre\/#breadcrumb"},"inLanguage":"pt-BR","potentialAction":[{"@type":"ReadAction","target":["https:\/\/jpengates.com\/index.php\/sobre\/"]}]},{"@type":"ImageObject","inLanguage":"pt-BR","@id":"https:\/\/jpengates.com\/index.php\/sobre\/#primaryimage","url":"http:\/\/jpengates.com\/wp-content\/uploads\/2023\/10\/Endewreco.png","contentUrl":"http:\/\/jpengates.com\/wp-content\/uploads\/2023\/10\/Endewreco.png"},{"@type":"BreadcrumbList","@id":"https:\/\/jpengates.com\/index.php\/sobre\/#breadcrumb","itemListElement":[{"@type":"ListItem","position":1,"name":"In\u00edcio","item":"https:\/\/jpengates.com\/"},{"@type":"ListItem","position":2,"name":"SOBRE"}]},{"@type":"WebSite","@id":"https:\/\/jpengates.com\/#website","url":"https:\/\/jpengates.com\/","name":"JP Engates O \u00fanico engate 5\u00aa roda retr\u00e1til do Brasil","description":"","publisher":{"@id":"https:\/\/jpengates.com\/#organization"},"potentialAction":[{"@type":"SearchAction","target":{"@type":"EntryPoint","urlTemplate":"https:\/\/jpengates.com\/?s={search_term_string}"},"query-input":{"@type":"PropertyValueSpecification","valueRequired":true,"valueName":"search_term_string"}}],"inLanguage":"pt-BR"},{"@type":"Organization","@id":"https:\/\/jpengates.com\/#organization","name":"JP ENGATES O \u00fanico engate 5\u00aa roda retr\u00e1til do Brasil","url":"https:\/\/jpengates.com\/","logo":{"@type":"ImageObject","inLanguage":"pt-BR","@id":"https:\/\/jpengates.com\/#\/schema\/logo\/image\/","url":"https:\/\/jpengates.com\/wp-content\/uploads\/2023\/10\/LOGO_JPENGATE-removebg-preview-min.png","contentUrl":"https:\/\/jpengates.com\/wp-content\/uploads\/2023\/10\/LOGO_JPENGATE-removebg-preview-min.png","width":200,"height":40,"caption":"JP ENGATES O \u00fanico engate 5\u00aa roda retr\u00e1til do Brasil"},"image":{"@id":"https:\/\/jpengates.com\/#\/schema\/logo\/image\/"},"sameAs":["https:\/\/www.facebook.com\/jpengates?_rdc=2&_rdr","https:\/\/www.youtube.com\/@jpengatesquintarodaretratil"]}]}},"jetpack_sharing_enabled":true,"_links":{"self":[{"href":"https:\/\/jpengates.com\/index.php\/wp-json\/wp\/v2\/pages\/35","targetHints":{"allow":["GET"]}}],"collection":[{"href":"https:\/\/jpengates.com\/index.php\/wp-json\/wp\/v2\/pages"}],"about":[{"href":"https:\/\/jpengates.com\/index.php\/wp-json\/wp\/v2\/types\/page"}],"author":[{"embeddable":true,"href":"https:\/\/jpengates.com\/index.php\/wp-json\/wp\/v2\/users\/1"}],"replies":[{"embeddable":true,"href":"https:\/\/jpengates.com\/index.php\/wp-json\/wp\/v2\/comments?post=35"}],"version-history":[{"count":50,"href":"https:\/\/jpengates.com\/index.php\/wp-json\/wp\/v2\/pages\/35\/revisions"}],"predecessor-version":[{"id":1608,"href":"https:\/\/jpengates.com\/index.php\/wp-json\/wp\/v2\/pages\/35\/revisions\/1608"}],"wp:attachment":[{"href":"https:\/\/jpengates.com\/index.php\/wp-json\/wp\/v2\/media?parent=35"}],"curies":[{"name":"wp","href":"https:\/\/api.w.org\/{rel}","templated":true}]}}